{"id":11,"date":"2022-05-11T13:49:25","date_gmt":"2022-05-11T16:49:25","guid":{"rendered":"https:\/\/informatizaweb8.com.br\/elementor\/?page_id=11"},"modified":"2023-01-03T10:30:31","modified_gmt":"2023-01-03T13:30:31","slug":"home","status":"publish","type":"page","link":"https:\/\/www.ctviagens.com\/","title":{"rendered":"Home"},"content":{"rendered":"<style>\/*! elementor - v3.6.6 - 08-06-2022 *\/\n.elementor-widget-image{text-align:center}.elementor-widget-image a{display:inline-block}.elementor-widget-image a img[src$=\".svg\"]{width:48px}.elementor-widget-image img{vertical-align:middle;display:inline-block}<\/style>\n<p>\t\t\t\t\t\t\t\t\t\t\t\t<img decoding=\"async\" width=\"184\" height=\"138\" src=\"https:\/\/www.ctviagens.com\/wp-content\/uploads\/2022\/10\/logo.png\" alt=\"\" loading=\"lazy\" \/>\t\t\t\t\t\t\t\t\t\t\t\t\t\t\t<\/p>\n<style>\/*! elementor - v3.6.6 - 08-06-2022 *\/\n.elementor-heading-title{padding:0;margin:0;line-height:1}.elementor-widget-heading .elementor-heading-title[class*=elementor-size-]>a{color:inherit;font-size:inherit;line-height:inherit}.elementor-widget-heading .elementor-heading-title.elementor-size-small{font-size:15px}.elementor-widget-heading .elementor-heading-title.elementor-size-medium{font-size:19px}.elementor-widget-heading .elementor-heading-title.elementor-size-large{font-size:29px}.elementor-widget-heading .elementor-heading-title.elementor-size-xl{font-size:39px}.elementor-widget-heading .elementor-heading-title.elementor-size-xxl{font-size:59px}<\/style>\n<h2>VENHA, ESCOLHA<br \/>\nO ROTEIRO E VIVA<\/h2>\n<h2>novas<br \/>\nhist\u00f3rias<\/h2>\n<h2>O destino fica<br \/>\n<spam>melhor<\/spam> com voc\u00ea.<br \/>\n<spam>Viaje com a<\/spam> City Tour!<\/h2>\n<h2>FALE CONOSCO<\/h2>\n<h2>\n<spam>PRODUTOS E SERVI\u00c7OS<\/h2>\n<p>\t\t\t\t\t\t\t\t\t\t\t\t\t\t\t<img decoding=\"async\" width=\"438\" height=\"394\" src=\"https:\/\/www.ctviagens.com\/wp-content\/uploads\/2022\/10\/imagem03.png\" alt=\"\" loading=\"lazy\" srcset=\"https:\/\/www.ctviagens.com\/wp-content\/uploads\/2022\/10\/imagem03.png 438w, https:\/\/www.ctviagens.com\/wp-content\/uploads\/2022\/10\/imagem03-300x270.png 300w\" sizes=\"auto, (max-width: 438px) 100vw, 438px\" \/>\t\t\t\t\t\t\t\t\t\t\t\t\t\t\t<\/p>\n<h2>PASSAGENS <br \/>A\u00c9REAS<\/h2>\n<style>\/*! elementor - v3.6.6 - 08-06-2022 *\/\n.elementor-widget-divider{--divider-border-style:none;--divider-border-width:1px;--divider-color:#2c2c2c;--divider-icon-size:20px;--divider-element-spacing:10px;--divider-pattern-height:24px;--divider-pattern-size:20px;--divider-pattern-url:none;--divider-pattern-repeat:repeat-x}.elementor-widget-divider .elementor-divider{display:-webkit-box;display:-ms-flexbox;display:flex}.elementor-widget-divider .elementor-divider__text{font-size:15px;line-height:1;max-width:95%}.elementor-widget-divider .elementor-divider__element{margin:0 var(--divider-element-spacing);-ms-flex-negative:0;flex-shrink:0}.elementor-widget-divider .elementor-icon{font-size:var(--divider-icon-size)}.elementor-widget-divider .elementor-divider-separator{display:-webkit-box;display:-ms-flexbox;display:flex;margin:0;direction:ltr}.elementor-widget-divider--view-line_icon .elementor-divider-separator,.elementor-widget-divider--view-line_text .elementor-divider-separator{-webkit-box-align:center;-ms-flex-align:center;align-items:center}.elementor-widget-divider--view-line_icon .elementor-divider-separator:after,.elementor-widget-divider--view-line_icon .elementor-divider-separator:before,.elementor-widget-divider--view-line_text .elementor-divider-separator:after,.elementor-widget-divider--view-line_text .elementor-divider-separator:before{display:block;content:\"\";border-bottom:0;-webkit-box-flex:1;-ms-flex-positive:1;flex-grow:1;border-top:var(--divider-border-width) var(--divider-border-style) var(--divider-color)}.elementor-widget-divider--element-align-left .elementor-divider .elementor-divider-separator>.elementor-divider__svg:first-of-type{-webkit-box-flex:0;-ms-flex-positive:0;flex-grow:0;-ms-flex-negative:100;flex-shrink:100}.elementor-widget-divider--element-align-left .elementor-divider-separator:before{content:none}.elementor-widget-divider--element-align-left .elementor-divider__element{margin-left:0}.elementor-widget-divider--element-align-right .elementor-divider .elementor-divider-separator>.elementor-divider__svg:last-of-type{-webkit-box-flex:0;-ms-flex-positive:0;flex-grow:0;-ms-flex-negative:100;flex-shrink:100}.elementor-widget-divider--element-align-right .elementor-divider-separator:after{content:none}.elementor-widget-divider--element-align-right .elementor-divider__element{margin-right:0}.elementor-widget-divider:not(.elementor-widget-divider--view-line_text):not(.elementor-widget-divider--view-line_icon) .elementor-divider-separator{border-top:var(--divider-border-width) var(--divider-border-style) var(--divider-color)}.elementor-widget-divider--separator-type-pattern{--divider-border-style:none}.elementor-widget-divider--separator-type-pattern.elementor-widget-divider--view-line .elementor-divider-separator,.elementor-widget-divider--separator-type-pattern:not(.elementor-widget-divider--view-line) .elementor-divider-separator:after,.elementor-widget-divider--separator-type-pattern:not(.elementor-widget-divider--view-line) .elementor-divider-separator:before,.elementor-widget-divider--separator-type-pattern:not([class*=elementor-widget-divider--view]) .elementor-divider-separator{width:100%;min-height:var(--divider-pattern-height);-webkit-mask-size:var(--divider-pattern-size) 100%;mask-size:var(--divider-pattern-size) 100%;-webkit-mask-repeat:var(--divider-pattern-repeat);mask-repeat:var(--divider-pattern-repeat);background-color:var(--divider-color);-webkit-mask-image:var(--divider-pattern-url);mask-image:var(--divider-pattern-url)}.elementor-widget-divider--no-spacing{--divider-pattern-size:auto}.elementor-widget-divider--bg-round{--divider-pattern-repeat:round}.rtl .elementor-widget-divider .elementor-divider__text{direction:rtl}<\/style>\n<p>\t\t\t<a href=\"#\" role=\"button\"><br \/>\n\t\t\t\t\t\tQUERO SER ATENDIDO<br \/>\n\t\t\t\t\t<\/a><br \/>\n\t\t\t\t\t\t\t\t\t\t\t\t\t\t\t<img decoding=\"async\" width=\"438\" height=\"394\" src=\"https:\/\/www.ctviagens.com\/wp-content\/uploads\/2022\/10\/imagem04.png\" alt=\"\" loading=\"lazy\" srcset=\"https:\/\/www.ctviagens.com\/wp-content\/uploads\/2022\/10\/imagem04.png 438w, https:\/\/www.ctviagens.com\/wp-content\/uploads\/2022\/10\/imagem04-300x270.png 300w\" sizes=\"auto, (max-width: 438px) 100vw, 438px\" \/>\t\t\t\t\t\t\t\t\t\t\t\t\t\t\t<\/p>\n<h2>LOCA\u00c7\u00c3O DE<br \/>VE\u00cdCULOS<\/h2>\n<p>\t\t\t<a href=\"#\" role=\"button\"><br \/>\n\t\t\t\t\t\tQUERO SER ATENDIDO<br \/>\n\t\t\t\t\t<\/a><br \/>\n\t\t\t\t\t\t\t\t\t\t\t\t\t\t\t<img decoding=\"async\" width=\"439\" height=\"394\" src=\"https:\/\/www.ctviagens.com\/wp-content\/uploads\/2022\/10\/imagem05.png\" alt=\"\" loading=\"lazy\" srcset=\"https:\/\/www.ctviagens.com\/wp-content\/uploads\/2022\/10\/imagem05.png 439w, https:\/\/www.ctviagens.com\/wp-content\/uploads\/2022\/10\/imagem05-300x269.png 300w\" sizes=\"auto, (max-width: 439px) 100vw, 439px\" \/>\t\t\t\t\t\t\t\t\t\t\t\t\t\t\t<\/p>\n<h2>SEGURO<br \/>\nVIAGEM<\/h2>\n<p>\t\t\t<a href=\"#\" role=\"button\"><br \/>\n\t\t\t\t\t\tQUERO SER ATENDIDO<br \/>\n\t\t\t\t\t<\/a><br \/>\n\t\t\t\t\t\t\t\t\t\t\t\t\t\t\t<img decoding=\"async\" width=\"333\" height=\"300\" src=\"https:\/\/www.ctviagens.com\/wp-content\/uploads\/2022\/11\/imagem01.jpg\" alt=\"\" loading=\"lazy\" srcset=\"https:\/\/www.ctviagens.com\/wp-content\/uploads\/2022\/11\/imagem01.jpg 333w, https:\/\/www.ctviagens.com\/wp-content\/uploads\/2022\/11\/imagem01-300x270.jpg 300w\" sizes=\"auto, (max-width: 333px) 100vw, 333px\" \/>\t\t\t\t\t\t\t\t\t\t\t\t\t\t\t<\/p>\n<h2>CRUZEIRO<\/h2>\n<p>\t\t\t<a href=\"#\" role=\"button\"><br \/>\n\t\t\t\t\t\tQUERO SER ATENDIDO<br \/>\n\t\t\t\t\t<\/a><br \/>\n\t\t\t\t\t\t\t\t\t\t\t\t\t\t\t<img decoding=\"async\" width=\"333\" height=\"300\" src=\"https:\/\/www.ctviagens.com\/wp-content\/uploads\/2022\/11\/imagem02.jpg\" alt=\"\" loading=\"lazy\" srcset=\"https:\/\/www.ctviagens.com\/wp-content\/uploads\/2022\/11\/imagem02.jpg 333w, https:\/\/www.ctviagens.com\/wp-content\/uploads\/2022\/11\/imagem02-300x270.jpg 300w\" sizes=\"auto, (max-width: 333px) 100vw, 333px\" \/>\t\t\t\t\t\t\t\t\t\t\t\t\t\t\t<\/p>\n<h2>INTERC\u00c2MBIO<\/h2>\n<p>\t\t\t<a href=\"#\" role=\"button\"><br \/>\n\t\t\t\t\t\tQUERO SER ATENDIDO<br \/>\n\t\t\t\t\t<\/a><br \/>\n\t\t\t\t\t\t\t\t\t\t\t\t\t\t\t<img decoding=\"async\" width=\"333\" height=\"300\" src=\"https:\/\/www.ctviagens.com\/wp-content\/uploads\/2022\/11\/imagem03.jpg\" alt=\"\" loading=\"lazy\" srcset=\"https:\/\/www.ctviagens.com\/wp-content\/uploads\/2022\/11\/imagem03.jpg 333w, https:\/\/www.ctviagens.com\/wp-content\/uploads\/2022\/11\/imagem03-300x270.jpg 300w\" sizes=\"auto, (max-width: 333px) 100vw, 333px\" \/>\t\t\t\t\t\t\t\t\t\t\t\t\t\t\t<\/p>\n<h2>DESTINOS NACIONAIS E INTERNACIONAIS<\/h2>\n<p>\t\t\t<a href=\"#\" role=\"button\"><br \/>\n\t\t\t\t\t\tQUERO SER ATENDIDO<br \/>\n\t\t\t\t\t<\/a><\/p>\n<h2>A CITY TOUR TEM<br \/>\n<spam>O DESTINO QUE<\/h2>\n<p>\t\t\t\t\t\t\t\t\t\t\t\t\t\t\t<img decoding=\"async\" width=\"552\" height=\"113\" src=\"https:\/\/www.ctviagens.com\/wp-content\/uploads\/2022\/10\/imagem02.png\" alt=\"\" loading=\"lazy\" srcset=\"https:\/\/www.ctviagens.com\/wp-content\/uploads\/2022\/10\/imagem02.png 552w, https:\/\/www.ctviagens.com\/wp-content\/uploads\/2022\/10\/imagem02-300x61.png 300w\" sizes=\"auto, (max-width: 552px) 100vw, 552px\" \/><br \/>\n\t\t\t<a href=\"#\" role=\"button\"><br \/>\n\t\t\t\t\t\tFALE CONOSCO<br \/>\n\t\t\t\t\t<\/a><\/p>\n<h2>PARA VOC\u00ca<br \/>\n<spam>OFERECEMOS<\/h2>\n<p>\t\t\t\t\t\t\t\t\t\t\t\t\t\t\t<img decoding=\"async\" width=\"112\" height=\"113\" src=\"https:\/\/www.ctviagens.com\/wp-content\/uploads\/2022\/10\/icone02.png\" alt=\"\" loading=\"lazy\" \/>\t\t\t\t\t\t\t\t\t\t\t\t\t\t\t<\/p>\n<h2><spam>Consultoria<\/spam><br \/>\ngratuita<\/h2>\n<p>\t\t\t\t\t\t\t\t\t\t\t\t\t\t\t<img decoding=\"async\" width=\"97\" height=\"113\" src=\"https:\/\/www.ctviagens.com\/wp-content\/uploads\/2022\/10\/icone03.png\" alt=\"\" loading=\"lazy\" \/>\t\t\t\t\t\t\t\t\t\t\t\t\t\t\t<\/p>\n<h2><spam>Suporte durante<\/spam> sua viagem<\/h2>\n<p>\t\t\t\t\t\t\t\t\t\t\t\t\t\t\t<img decoding=\"async\" width=\"95\" height=\"113\" src=\"https:\/\/www.ctviagens.com\/wp-content\/uploads\/2022\/10\/icone04.png\" alt=\"\" loading=\"lazy\" \/>\t\t\t\t\t\t\t\t\t\t\t\t\t\t\t<\/p>\n<h2><spam>Cash Back<\/spam><br \/>\ne benef\u00edcios<\/h2>\n<p>\t\t\t\t\t\t\t\t\t\t\t\t\t\t\t<img decoding=\"async\" width=\"92\" height=\"113\" src=\"https:\/\/www.ctviagens.com\/wp-content\/uploads\/2022\/10\/icone05.png\" alt=\"\" loading=\"lazy\" \/>\t\t\t\t\t\t\t\t\t\t\t\t\t\t\t<\/p>\n<h2><spam>Melhor custo<\/spam><br \/>\nbenef\u00edcio<\/h2>\n<p>\t\t\t\t\t\t\t\t\t\t\t\t\t\t\t<img decoding=\"async\" width=\"86\" height=\"113\" src=\"https:\/\/www.ctviagens.com\/wp-content\/uploads\/2022\/10\/icone01.png\" alt=\"\" loading=\"lazy\" \/>\t\t\t\t\t\t\t\t\t\t\t\t\t\t\t<\/p>\n<h2><spam>Qualidade e<\/spam> seguran\u00e7a<\/h2>\n<p>\t\t\t\t\t\t\t\t\t\t\t\t\t\t\t<img decoding=\"async\" width=\"112\" height=\"113\" src=\"https:\/\/www.ctviagens.com\/wp-content\/uploads\/2022\/10\/icone06.png\" alt=\"\" loading=\"lazy\" \/>\t\t\t\t\t\t\t\t\t\t\t\t\t\t\t<\/p>\n<h2><spam>Equipe<\/spam><br \/>\nqualificada<\/h2>\n<style>\/*! elementor - v3.6.6 - 08-06-2022 *\/\n.elementor-widget-google_maps .elementor-widget-container{overflow:hidden}.elementor-widget-google_maps iframe{height:300px}<\/style>\n<p>\t\t\t<iframe frameborder=\"0\" scrolling=\"no\" marginheight=\"0\" marginwidth=\"0\"\n\t\t\t\t\tsrc=\"https:\/\/maps.google.com\/maps?q=city%20tour%20itabirito&#038;t=m&#038;z=16&#038;output=embed&#038;iwloc=near\"\n\t\t\t\t\ttitle=\"city tour itabirito\"\n\t\t\t\t\taria-label=\"city tour itabirito\"\n\t\t\t><\/iframe><\/p>\n","protected":false},"excerpt":{"rendered":"<p>VENHA, ESCOLHA O ROTEIRO E VIVA novas hist\u00f3rias O destino fica melhor com voc\u00ea. Viaje com a City Tour! FALE CONOSCO PRODUTOS E SERVI\u00c7OS PASSAGENS A\u00c9REAS QUERO SER ATENDIDO LOCA\u00c7\u00c3O DEVE\u00cdCULOS QUERO SER ATENDIDO SEGURO VIAGEM QUERO SER ATENDIDO CRUZEIRO QUERO SER ATENDIDO INTERC\u00c2MBIO QUERO SER ATENDIDO DESTINOS NACIONAIS E INTERNACIONAIS QUERO SER ATENDIDO A [&hellip;]<\/p>\n","protected":false},"author":1,"featured_media":0,"parent":0,"menu_order":0,"comment_status":"closed","ping_status":"closed","template":"","meta":{"footnotes":""},"class_list":["post-11","page","type-page","status-publish","hentry"],"_links":{"self":[{"href":"https:\/\/www.ctviagens.com\/index.php?rest_route=\/wp\/v2\/pages\/11","targetHints":{"allow":["GET"]}}],"collection":[{"href":"https:\/\/www.ctviagens.com\/index.php?rest_route=\/wp\/v2\/pages"}],"about":[{"href":"https:\/\/www.ctviagens.com\/index.php?rest_route=\/wp\/v2\/types\/page"}],"author":[{"embeddable":true,"href":"https:\/\/www.ctviagens.com\/index.php?rest_route=\/wp\/v2\/users\/1"}],"replies":[{"embeddable":true,"href":"https:\/\/www.ctviagens.com\/index.php?rest_route=%2Fwp%2Fv2%2Fcomments&post=11"}],"version-history":[{"count":106,"href":"https:\/\/www.ctviagens.com\/index.php?rest_route=\/wp\/v2\/pages\/11\/revisions"}],"predecessor-version":[{"id":186,"href":"https:\/\/www.ctviagens.com\/index.php?rest_route=\/wp\/v2\/pages\/11\/revisions\/186"}],"wp:attachment":[{"href":"https:\/\/www.ctviagens.com\/index.php?rest_route=%2Fwp%2Fv2%2Fmedia&parent=11"}],"curies":[{"name":"wp","href":"https:\/\/api.w.org\/{rel}","templated":true}]}}